{"id":266,"date":"2015-03-03T10:39:29","date_gmt":"2015-03-03T08:39:29","guid":{"rendered":"http:\/\/www.deraugenarzt.net\/hagen\/?page_id=266"},"modified":"2015-03-03T10:39:29","modified_gmt":"2015-03-03T08:39:29","slug":"lasertrabekuloplastik","status":"publish","type":"page","link":"https:\/\/www.deraugenarzt.net\/hagen\/lasertrabekuloplastik\/","title":{"rendered":"Lasertrabekuloplastik"},"content":{"rendered":"<div id=\"infotext\">\n<h1>Lasertrabekuloplastik &#8211; schmerzfrei und \u00e4u\u00dferst effektiv<\/h1>\n<p><strong>Die selektive Lasertrabekuloplastik ist eine unkompliziert durchf\u00fchrbare, hochwirksame Lasertherapie zur Senkung des Augeninnendrucks bei Glaukom-Erkrankungen (Gr\u00fcner Star). Das Verfahren besteht aus sehr kurzen, gr\u00fcnen Laserlicht-Impulsen. Diese sind sehr niedrig dosiert und nehmen zudem nur Bruchteile von Sekunden in Anspruch. Exakt gezielt wirken die Laser-Lichtimpulse ausschlie\u00dflich auf die Pigmentzellen im Auge.<\/strong><\/p>\n<div class=\"vorteile\">\n<span>Unsere private Augenarztpraxis in Hagen bietet Ihnen:<\/span><\/p>\n<ul>\n<li>moderne Glaukom-Diagnostik (inkl. Vorsorge)<\/li>\n<li>schonende, schmerzfreie und hochwirksame Behandlung<\/li>\n<li>mit dem innovativen Lasertrabekuloplastik-Verfahren<\/li>\n<\/ul>\n<\/div>\n<p>Das Verfahren bietet enorme Vorteile: So bleiben das umliegende Gewebe und der Rest des Auges vollst\u00e4ndig unber\u00fchrt. Durch die Behandlung kann Kammerwasser aus dem Auge wieder ungehindert abflie\u00dfen, wodurch der krankheitsbedingt erh\u00f6hte Augendruck sinkt. Zudem ist die Lasertrabekuloplastik-Behandlung komplett schmerzfrei!<\/p>\n<h2>Selektive Laser-Trabekuloplastik: Wie l\u00e4uft das Behandlungsverfahren genau ab?<\/h2>\n<p>Die selektive Laser-Trabekuloplastik ist ein \u00fcberaus schonendes Verfahren. So erh\u00e4lt der Patient zun\u00e4chst eine \u00f6rtliche Bet\u00e4ubung durch milde Augentropfen. Anschlie\u00dfend folgt die Lasertherapie, die nur ein paar Minuten dauert. In der Regel tritt die Therapiewirkung schnell ein, und es kommt bereits wenige Tage nach Behandlungsabschluss zu einer deutlichen Senkung des Augeninnendrucks. Da diese Form der Lasertherapie nicht-invasiv und gewebeschonend ist, kann sie &#8211; anders als andere Laserverfahren &#8211; bedenkenlos wiederholt werden.<\/p>\n<\/div>\n","protected":false},"excerpt":{"rendered":"<p>Lasertrabekuloplastik &#8211; schmerzfrei und \u00e4u\u00dferst effektiv Die selektive Lasertrabekuloplastik ist eine unkompliziert durchf\u00fchrbare, hochwirksame Lasertherapie zur Senkung des Augeninnendrucks bei Glaukom-Erkrankungen (Gr\u00fcner Star). Das Verfahren besteht aus sehr kurzen, gr\u00fcnen Laserlicht-Impulsen. Diese sind sehr niedrig dosiert und nehmen zudem nur Bruchteile von Sekunden in Anspruch. Exakt gezielt wirken die Laser-Lichtimpulse ausschlie\u00dflich auf die Pigmentzellen im [&hellip;]<\/p>\n","protected":false},"author":4,"featured_media":0,"parent":0,"menu_order":0,"comment_status":"open","ping_status":"open","template":"","meta":{"_et_pb_use_builder":"","_et_pb_old_content":"","_et_gb_content_width":"","footnotes":""},"yoast_head":"<!-- This site is optimized with the Yoast SEO plugin v22.8 - https:\/\/yoast.com\/wordpress\/plugins\/seo\/ -->\n<title>Lasertrabekuloplastik - Der Augenarzt - Praxis Hagen<\/title>\n<meta name=\"robots\" content=\"index, follow, max-snippet:-1, max-image-preview:large, max-video-preview:-1\" \/>\n<link rel=\"canonical\" href=\"https:\/\/www.deraugenarzt.net\/hagen\/lasertrabekuloplastik\/\" \/>\n<meta property=\"og:locale\" content=\"de_DE\" \/>\n<meta property=\"og:type\" content=\"article\" \/>\n<meta property=\"og:title\" content=\"Lasertrabekuloplastik - Der Augenarzt - Praxis Hagen\" \/>\n<meta property=\"og:description\" content=\"Lasertrabekuloplastik &#8211; schmerzfrei und \u00e4u\u00dferst effektiv Die selektive Lasertrabekuloplastik ist eine unkompliziert durchf\u00fchrbare, hochwirksame Lasertherapie zur Senkung des Augeninnendrucks bei Glaukom-Erkrankungen (Gr\u00fcner Star). Das Verfahren besteht aus sehr kurzen, gr\u00fcnen Laserlicht-Impulsen. Diese sind sehr niedrig dosiert und nehmen zudem nur Bruchteile von Sekunden in Anspruch. Exakt gezielt wirken die Laser-Lichtimpulse ausschlie\u00dflich auf die Pigmentzellen im [&hellip;]\" \/>\n<meta property=\"og:url\" content=\"https:\/\/www.deraugenarzt.net\/hagen\/lasertrabekuloplastik\/\" \/>\n<meta property=\"og:site_name\" content=\"Der Augenarzt - Praxis Hagen\" \/>\n<meta name=\"twitter:label1\" content=\"Gesch\u00e4tzte Lesezeit\" \/>\n\t<meta name=\"twitter:data1\" content=\"1\u00a0Minute\" \/>\n<script type=\"application\/ld+json\" class=\"yoast-schema-graph\">{\"@context\":\"https:\/\/schema.org\",\"@graph\":[{\"@type\":\"WebPage\",\"@id\":\"https:\/\/www.deraugenarzt.net\/hagen\/lasertrabekuloplastik\/\",\"url\":\"https:\/\/www.deraugenarzt.net\/hagen\/lasertrabekuloplastik\/\",\"name\":\"Lasertrabekuloplastik - Der Augenarzt - Praxis Hagen\",\"isPartOf\":{\"@id\":\"https:\/\/www.deraugenarzt.net\/hagen\/#website\"},\"datePublished\":\"2015-03-03T08:39:29+00:00\",\"dateModified\":\"2015-03-03T08:39:29+00:00\",\"breadcrumb\":{\"@id\":\"https:\/\/www.deraugenarzt.net\/hagen\/lasertrabekuloplastik\/#breadcrumb\"},\"inLanguage\":\"de\",\"potentialAction\":[{\"@type\":\"ReadAction\",\"target\":[\"https:\/\/www.deraugenarzt.net\/hagen\/lasertrabekuloplastik\/\"]}]},{\"@type\":\"BreadcrumbList\",\"@id\":\"https:\/\/www.deraugenarzt.net\/hagen\/lasertrabekuloplastik\/#breadcrumb\",\"itemListElement\":[{\"@type\":\"ListItem\",\"position\":1,\"name\":\"Home\",\"item\":\"https:\/\/www.deraugenarzt.net\/hagen\/\"},{\"@type\":\"ListItem\",\"position\":2,\"name\":\"Lasertrabekuloplastik\"}]},{\"@type\":\"WebSite\",\"@id\":\"https:\/\/www.deraugenarzt.net\/hagen\/#website\",\"url\":\"https:\/\/www.deraugenarzt.net\/hagen\/\",\"name\":\"Der Augenarzt - Praxis Hagen\",\"description\":\"Dr. Neferu\",\"potentialAction\":[{\"@type\":\"SearchAction\",\"target\":{\"@type\":\"EntryPoint\",\"urlTemplate\":\"https:\/\/www.deraugenarzt.net\/hagen\/?s={search_term_string}\"},\"query-input\":\"required name=search_term_string\"}],\"inLanguage\":\"de\"}]}<\/script>\n<!-- \/ Yoast SEO plugin. -->","yoast_head_json":{"title":"Lasertrabekuloplastik - Der Augenarzt - Praxis Hagen","robots":{"index":"index","follow":"follow","max-snippet":"max-snippet:-1","max-image-preview":"max-image-preview:large","max-video-preview":"max-video-preview:-1"},"canonical":"https:\/\/www.deraugenarzt.net\/hagen\/lasertrabekuloplastik\/","og_locale":"de_DE","og_type":"article","og_title":"Lasertrabekuloplastik - Der Augenarzt - Praxis Hagen","og_description":"Lasertrabekuloplastik &#8211; schmerzfrei und \u00e4u\u00dferst effektiv Die selektive Lasertrabekuloplastik ist eine unkompliziert durchf\u00fchrbare, hochwirksame Lasertherapie zur Senkung des Augeninnendrucks bei Glaukom-Erkrankungen (Gr\u00fcner Star). Das Verfahren besteht aus sehr kurzen, gr\u00fcnen Laserlicht-Impulsen. Diese sind sehr niedrig dosiert und nehmen zudem nur Bruchteile von Sekunden in Anspruch. Exakt gezielt wirken die Laser-Lichtimpulse ausschlie\u00dflich auf die Pigmentzellen im [&hellip;]","og_url":"https:\/\/www.deraugenarzt.net\/hagen\/lasertrabekuloplastik\/","og_site_name":"Der Augenarzt - Praxis Hagen","twitter_misc":{"Gesch\u00e4tzte Lesezeit":"1\u00a0Minute"},"schema":{"@context":"https:\/\/schema.org","@graph":[{"@type":"WebPage","@id":"https:\/\/www.deraugenarzt.net\/hagen\/lasertrabekuloplastik\/","url":"https:\/\/www.deraugenarzt.net\/hagen\/lasertrabekuloplastik\/","name":"Lasertrabekuloplastik - Der Augenarzt - Praxis Hagen","isPartOf":{"@id":"https:\/\/www.deraugenarzt.net\/hagen\/#website"},"datePublished":"2015-03-03T08:39:29+00:00","dateModified":"2015-03-03T08:39:29+00:00","breadcrumb":{"@id":"https:\/\/www.deraugenarzt.net\/hagen\/lasertrabekuloplastik\/#breadcrumb"},"inLanguage":"de","potentialAction":[{"@type":"ReadAction","target":["https:\/\/www.deraugenarzt.net\/hagen\/lasertrabekuloplastik\/"]}]},{"@type":"BreadcrumbList","@id":"https:\/\/www.deraugenarzt.net\/hagen\/lasertrabekuloplastik\/#breadcrumb","itemListElement":[{"@type":"ListItem","position":1,"name":"Home","item":"https:\/\/www.deraugenarzt.net\/hagen\/"},{"@type":"ListItem","position":2,"name":"Lasertrabekuloplastik"}]},{"@type":"WebSite","@id":"https:\/\/www.deraugenarzt.net\/hagen\/#website","url":"https:\/\/www.deraugenarzt.net\/hagen\/","name":"Der Augenarzt - Praxis Hagen","description":"Dr. Neferu","potentialAction":[{"@type":"SearchAction","target":{"@type":"EntryPoint","urlTemplate":"https:\/\/www.deraugenarzt.net\/hagen\/?s={search_term_string}"},"query-input":"required name=search_term_string"}],"inLanguage":"de"}]}},"_links":{"self":[{"href":"https:\/\/www.deraugenarzt.net\/hagen\/wp-json\/wp\/v2\/pages\/266"}],"collection":[{"href":"https:\/\/www.deraugenarzt.net\/hagen\/wp-json\/wp\/v2\/pages"}],"about":[{"href":"https:\/\/www.deraugenarzt.net\/hagen\/wp-json\/wp\/v2\/types\/page"}],"author":[{"embeddable":true,"href":"https:\/\/www.deraugenarzt.net\/hagen\/wp-json\/wp\/v2\/users\/4"}],"replies":[{"embeddable":true,"href":"https:\/\/www.deraugenarzt.net\/hagen\/wp-json\/wp\/v2\/comments?post=266"}],"version-history":[{"count":1,"href":"https:\/\/www.deraugenarzt.net\/hagen\/wp-json\/wp\/v2\/pages\/266\/revisions"}],"predecessor-version":[{"id":267,"href":"https:\/\/www.deraugenarzt.net\/hagen\/wp-json\/wp\/v2\/pages\/266\/revisions\/267"}],"wp:attachment":[{"href":"https:\/\/www.deraugenarzt.net\/hagen\/wp-json\/wp\/v2\/media?parent=266"}],"curies":[{"name":"wp","href":"https:\/\/api.w.org\/{rel}","templated":true}]}}