{"id":263,"date":"2015-03-03T10:42:49","date_gmt":"2015-03-03T08:42:49","guid":{"rendered":"http:\/\/www.deraugenarzt.net\/hagen\/?page_id=263"},"modified":"2015-03-03T10:42:49","modified_gmt":"2015-03-03T08:42:49","slug":"glaukomvorsorge","status":"publish","type":"page","link":"https:\/\/www.deraugenarzt.net\/hagen\/glaukomvorsorge\/","title":{"rendered":"Glaukomvorsorge"},"content":{"rendered":"<div id=\"infotext\">\n<h1>Nutzen auch Sie die professionelle Glaukomvorsorge!<\/h1>\n<p><strong>Die moderne Augenheilkunde bietet heutzutage die M\u00f6glichkeit, den gr\u00fcnen Star (Glaukom) fr\u00fchzeitig zu diagnostizieren und zu therapieren. Zur effektiven Glaukomvorsorge nutzen wir in unserer Augenarztpraxis in Hagen das schonende Verfahren der selektiven Lasertrabekuloplastik.<\/strong><\/p>\n<div class=\"vorteile\">\n<span>Unsere private Augenarztpraxis in Hagen bietet Ihnen:<\/span><\/p>\n<ul>\n<li>ein vielf\u00e4ltiges, modernes Leistungsangebot<\/li>\n<li>individuelle Patientenberatung<\/li>\n<li>moderne Glaukom-Diagnostik und vieles mehr<\/li>\n<\/ul>\n<\/div>\n<p>Mit dieser speziellen Behandlungstechnik k\u00f6nnen bereits erste Anzeichen von Gr\u00fcnem Star erkannt und erfolgreich behandelt werden. Neben der innovativen Glaukomvorsorge und -behandlung sind wir auch Ihr Ansprechpartner f\u00fcr zahlreiche weitere Augenerkrankungen, ebenso wie f\u00fcr Lidoperationen und augen\u00e4rztliche Gutachten.<\/p>\n<h2>Glaukomvorsorge: Darum ist sie so wichtig!<\/h2>\n<p>Unter Glaukomen werden bestimmte Augenkrankheiten zusammengefasst, die in sp\u00e4ten Stadien die Nervenzellen der Netzhaut (Retina) und der Sehnerven massiv sch\u00e4digen k\u00f6nnen. Dabei kommt es zu Gesichtsfeldausf\u00e4llen, der typischen Sehverlust-Form bei einer Glaukom-Erkrankung.<\/p>\n<p>Das T\u00fcckische an einer glaukomat\u00f6sen Erkrankung ist, dass diese meist \u00fcber viele Jahre unerkannt bleibt, w\u00e4hrend sie jedoch immer weiter voranschreitet. Da ein Glaukom in der Regel keine Schmerzen verursacht und auch dem Auge \u00e4u\u00dferlich nichts anzumerken ist, bleiben hierzulande circa 50 Prozent aller Glaukom-Erkrankungen unerkannt. Umso wichtiger ist es, dass Sie selbst beim Thema Glaukomvorsorge aktiv werden!<\/p>\n<\/div>\n","protected":false},"excerpt":{"rendered":"<p>Nutzen auch Sie die professionelle Glaukomvorsorge! Die moderne Augenheilkunde bietet heutzutage die M\u00f6glichkeit, den gr\u00fcnen Star (Glaukom) fr\u00fchzeitig zu diagnostizieren und zu therapieren. Zur effektiven Glaukomvorsorge nutzen wir in unserer Augenarztpraxis in Hagen das schonende Verfahren der selektiven Lasertrabekuloplastik. Unsere private Augenarztpraxis in Hagen bietet Ihnen: ein vielf\u00e4ltiges, modernes Leistungsangebot individuelle Patientenberatung moderne Glaukom-Diagnostik und [&hellip;]<\/p>\n","protected":false},"author":4,"featured_media":0,"parent":0,"menu_order":0,"comment_status":"open","ping_status":"open","template":"","meta":{"_et_pb_use_builder":"","_et_pb_old_content":"","_et_gb_content_width":"","footnotes":""},"yoast_head":"<!-- This site is optimized with the Yoast SEO plugin v22.8 - https:\/\/yoast.com\/wordpress\/plugins\/seo\/ -->\n<title>Glaukomvorsorge - Der Augenarzt - Praxis Hagen<\/title>\n<meta name=\"robots\" content=\"index, follow, max-snippet:-1, max-image-preview:large, max-video-preview:-1\" \/>\n<link rel=\"canonical\" href=\"https:\/\/www.deraugenarzt.net\/hagen\/glaukomvorsorge\/\" \/>\n<meta property=\"og:locale\" content=\"de_DE\" \/>\n<meta property=\"og:type\" content=\"article\" \/>\n<meta property=\"og:title\" content=\"Glaukomvorsorge - Der Augenarzt - Praxis Hagen\" \/>\n<meta property=\"og:description\" content=\"Nutzen auch Sie die professionelle Glaukomvorsorge! Die moderne Augenheilkunde bietet heutzutage die M\u00f6glichkeit, den gr\u00fcnen Star (Glaukom) fr\u00fchzeitig zu diagnostizieren und zu therapieren. Zur effektiven Glaukomvorsorge nutzen wir in unserer Augenarztpraxis in Hagen das schonende Verfahren der selektiven Lasertrabekuloplastik. Unsere private Augenarztpraxis in Hagen bietet Ihnen: ein vielf\u00e4ltiges, modernes Leistungsangebot individuelle Patientenberatung moderne Glaukom-Diagnostik und [&hellip;]\" \/>\n<meta property=\"og:url\" content=\"https:\/\/www.deraugenarzt.net\/hagen\/glaukomvorsorge\/\" \/>\n<meta property=\"og:site_name\" content=\"Der Augenarzt - Praxis Hagen\" \/>\n<meta name=\"twitter:label1\" content=\"Gesch\u00e4tzte Lesezeit\" \/>\n\t<meta name=\"twitter:data1\" content=\"1\u00a0Minute\" \/>\n<script type=\"application\/ld+json\" class=\"yoast-schema-graph\">{\"@context\":\"https:\/\/schema.org\",\"@graph\":[{\"@type\":\"WebPage\",\"@id\":\"https:\/\/www.deraugenarzt.net\/hagen\/glaukomvorsorge\/\",\"url\":\"https:\/\/www.deraugenarzt.net\/hagen\/glaukomvorsorge\/\",\"name\":\"Glaukomvorsorge - Der Augenarzt - Praxis Hagen\",\"isPartOf\":{\"@id\":\"https:\/\/www.deraugenarzt.net\/hagen\/#website\"},\"datePublished\":\"2015-03-03T08:42:49+00:00\",\"dateModified\":\"2015-03-03T08:42:49+00:00\",\"breadcrumb\":{\"@id\":\"https:\/\/www.deraugenarzt.net\/hagen\/glaukomvorsorge\/#breadcrumb\"},\"inLanguage\":\"de\",\"potentialAction\":[{\"@type\":\"ReadAction\",\"target\":[\"https:\/\/www.deraugenarzt.net\/hagen\/glaukomvorsorge\/\"]}]},{\"@type\":\"BreadcrumbList\",\"@id\":\"https:\/\/www.deraugenarzt.net\/hagen\/glaukomvorsorge\/#breadcrumb\",\"itemListElement\":[{\"@type\":\"ListItem\",\"position\":1,\"name\":\"Home\",\"item\":\"https:\/\/www.deraugenarzt.net\/hagen\/\"},{\"@type\":\"ListItem\",\"position\":2,\"name\":\"Glaukomvorsorge\"}]},{\"@type\":\"WebSite\",\"@id\":\"https:\/\/www.deraugenarzt.net\/hagen\/#website\",\"url\":\"https:\/\/www.deraugenarzt.net\/hagen\/\",\"name\":\"Der Augenarzt - Praxis Hagen\",\"description\":\"Dr. Neferu\",\"potentialAction\":[{\"@type\":\"SearchAction\",\"target\":{\"@type\":\"EntryPoint\",\"urlTemplate\":\"https:\/\/www.deraugenarzt.net\/hagen\/?s={search_term_string}\"},\"query-input\":\"required name=search_term_string\"}],\"inLanguage\":\"de\"}]}<\/script>\n<!-- \/ Yoast SEO plugin. -->","yoast_head_json":{"title":"Glaukomvorsorge - Der Augenarzt - Praxis Hagen","robots":{"index":"index","follow":"follow","max-snippet":"max-snippet:-1","max-image-preview":"max-image-preview:large","max-video-preview":"max-video-preview:-1"},"canonical":"https:\/\/www.deraugenarzt.net\/hagen\/glaukomvorsorge\/","og_locale":"de_DE","og_type":"article","og_title":"Glaukomvorsorge - Der Augenarzt - Praxis Hagen","og_description":"Nutzen auch Sie die professionelle Glaukomvorsorge! Die moderne Augenheilkunde bietet heutzutage die M\u00f6glichkeit, den gr\u00fcnen Star (Glaukom) fr\u00fchzeitig zu diagnostizieren und zu therapieren. Zur effektiven Glaukomvorsorge nutzen wir in unserer Augenarztpraxis in Hagen das schonende Verfahren der selektiven Lasertrabekuloplastik. Unsere private Augenarztpraxis in Hagen bietet Ihnen: ein vielf\u00e4ltiges, modernes Leistungsangebot individuelle Patientenberatung moderne Glaukom-Diagnostik und [&hellip;]","og_url":"https:\/\/www.deraugenarzt.net\/hagen\/glaukomvorsorge\/","og_site_name":"Der Augenarzt - Praxis Hagen","twitter_misc":{"Gesch\u00e4tzte Lesezeit":"1\u00a0Minute"},"schema":{"@context":"https:\/\/schema.org","@graph":[{"@type":"WebPage","@id":"https:\/\/www.deraugenarzt.net\/hagen\/glaukomvorsorge\/","url":"https:\/\/www.deraugenarzt.net\/hagen\/glaukomvorsorge\/","name":"Glaukomvorsorge - Der Augenarzt - Praxis Hagen","isPartOf":{"@id":"https:\/\/www.deraugenarzt.net\/hagen\/#website"},"datePublished":"2015-03-03T08:42:49+00:00","dateModified":"2015-03-03T08:42:49+00:00","breadcrumb":{"@id":"https:\/\/www.deraugenarzt.net\/hagen\/glaukomvorsorge\/#breadcrumb"},"inLanguage":"de","potentialAction":[{"@type":"ReadAction","target":["https:\/\/www.deraugenarzt.net\/hagen\/glaukomvorsorge\/"]}]},{"@type":"BreadcrumbList","@id":"https:\/\/www.deraugenarzt.net\/hagen\/glaukomvorsorge\/#breadcrumb","itemListElement":[{"@type":"ListItem","position":1,"name":"Home","item":"https:\/\/www.deraugenarzt.net\/hagen\/"},{"@type":"ListItem","position":2,"name":"Glaukomvorsorge"}]},{"@type":"WebSite","@id":"https:\/\/www.deraugenarzt.net\/hagen\/#website","url":"https:\/\/www.deraugenarzt.net\/hagen\/","name":"Der Augenarzt - Praxis Hagen","description":"Dr. Neferu","potentialAction":[{"@type":"SearchAction","target":{"@type":"EntryPoint","urlTemplate":"https:\/\/www.deraugenarzt.net\/hagen\/?s={search_term_string}"},"query-input":"required name=search_term_string"}],"inLanguage":"de"}]}},"_links":{"self":[{"href":"https:\/\/www.deraugenarzt.net\/hagen\/wp-json\/wp\/v2\/pages\/263"}],"collection":[{"href":"https:\/\/www.deraugenarzt.net\/hagen\/wp-json\/wp\/v2\/pages"}],"about":[{"href":"https:\/\/www.deraugenarzt.net\/hagen\/wp-json\/wp\/v2\/types\/page"}],"author":[{"embeddable":true,"href":"https:\/\/www.deraugenarzt.net\/hagen\/wp-json\/wp\/v2\/users\/4"}],"replies":[{"embeddable":true,"href":"https:\/\/www.deraugenarzt.net\/hagen\/wp-json\/wp\/v2\/comments?post=263"}],"version-history":[{"count":2,"href":"https:\/\/www.deraugenarzt.net\/hagen\/wp-json\/wp\/v2\/pages\/263\/revisions"}],"predecessor-version":[{"id":265,"href":"https:\/\/www.deraugenarzt.net\/hagen\/wp-json\/wp\/v2\/pages\/263\/revisions\/265"}],"wp:attachment":[{"href":"https:\/\/www.deraugenarzt.net\/hagen\/wp-json\/wp\/v2\/media?parent=263"}],"curies":[{"name":"wp","href":"https:\/\/api.w.org\/{rel}","templated":true}]}}