{"id":240,"date":"2015-02-17T16:00:13","date_gmt":"2015-02-17T14:00:13","guid":{"rendered":"http:\/\/www.deraugenarzt.net\/hagen\/?page_id=240"},"modified":"2015-02-17T16:00:13","modified_gmt":"2015-02-17T14:00:13","slug":"augenaerztliches-gutachten","status":"publish","type":"page","link":"https:\/\/www.deraugenarzt.net\/hagen\/augenaerztliches-gutachten\/","title":{"rendered":"augen\u00e4rztliches Gutachten"},"content":{"rendered":"<div id=\"infotext\">\n<h1>Augen\u00e4rztliches Gutachten zur Flugtauglichkeit<\/h1>\n<p><strong>Jeder Pilot muss nachweisen, dass er die f\u00fcr den Flugverkehr notwendigen Sinnesleistungen erbringen kann. Hierzu z\u00e4hlt auch ein augen\u00e4rztliches Gutachten, das wir gerne f\u00fcr Sie erstellen.<\/strong><\/p>\n<p><strong>Kontaktieren Sie uns einfach unter 0800 \/ 3763 3378 f\u00fcr einen Termin in unserer Hagener Praxis!<\/strong><\/p>\n<p style=\"text-align: center\"><a href=\"https:\/\/www.deraugenarzt.net\/hagen\/lidoperationen\/\" class=\"link\"><span class=\"btn-css rounded yellow\">Informieren Sie sich hier zur Glaukomvorsorge! <span class=\"arrow\">&raquo;<\/span><\/span><\/a><\/p>\n<p>F\u00fcr die augen\u00e4rztliche Flugtauglichkeitspr\u00fcfung bieten wir Ihnen eine angenehme und ruhige Praxis-Atmosph\u00e4re. Bitte beachten Sie: Ein augen\u00e4rztliches Gutachten zu erstellen, ist keine kassen\u00e4rztliche Leistung. Sie m\u00fcssen daher die Rechnungskosten selbst tragen.<\/p>\n<h2>Sie m\u00f6chten Ihre Flugtauglichkeit pr\u00fcfen lassen oder eine Glaukomvorsorge wahrnehmen?<\/h2>\n<p>Ob Sie zur Pr\u00fcfung Ihrer Flugtauglichkeit ein medizinisches Fachgutachten ben\u00f6tigen oder die professionelle Glaukomvorsorge nutzen m\u00f6chten, wir sind Ihr kompetenter Ansprechpartner f\u00fcr s\u00e4mtliche augen\u00e4rztliche (Vorsorge-)Untersuchungen. Da der Gr\u00fcne Star eine der h\u00e4ufigsten Erblindungsursachen in Deutschland ist, kommt der Glaukom-Fr\u00fcherkennungsuntersuchung in unserer Praxis eine besonders hohe Bedeutung zu.<\/p>\n<div class=\"vorteile\">\n<span>Unsere private Augenarztpraxis in Hagen bietet Ihnen:<\/span><\/p>\n<ul>\n<li>ein umfassendes, modernes Leistungsangebot<\/li>\n<li>individuelle Patientenberatung<\/li>\n<li>die augen\u00e4rztliche Gutachten-Erstellung<\/li>\n<li>moderne Glaukom-Diagnostik und vieles mehr<\/li>\n<\/ul>\n<\/div>\n<h2>In unserer freundlichen Privat-Praxis bieten wir Ihnen unter anderem die folgenden Leistungen:<\/h2>\n<ul>\n<li>modernste Glaukom-Diagnostik<\/li>\n<li>Gef\u00e4\u00dfanalyse mittels Netzhautuntersuchung zur Bestimmung des Schlaganfall-Risikos<\/li>\n<li>digitale Fotodokumentation der Netzhaut ohne Tropfen (z. B. bei Diabetikern)<\/li>\n<li>Augeninnendruckmessungen.<\/li>\n<li>fr\u00fchkindliche Untersuchungen (ab dem 6. Lebensmonat) mittels Infrarot-Messverfahren<\/li>\n<\/ul>\n<\/div>\n","protected":false},"excerpt":{"rendered":"<p>Augen\u00e4rztliches Gutachten zur Flugtauglichkeit Jeder Pilot muss nachweisen, dass er die f\u00fcr den Flugverkehr notwendigen Sinnesleistungen erbringen kann. Hierzu z\u00e4hlt auch ein augen\u00e4rztliches Gutachten, das wir gerne f\u00fcr Sie erstellen. Kontaktieren Sie uns einfach unter 0800 \/ 3763 3378 f\u00fcr einen Termin in unserer Hagener Praxis! Informieren Sie sich hier zur Glaukomvorsorge! &raquo; F\u00fcr die [&hellip;]<\/p>\n","protected":false},"author":4,"featured_media":0,"parent":0,"menu_order":0,"comment_status":"open","ping_status":"open","template":"","meta":{"_et_pb_use_builder":"","_et_pb_old_content":"","_et_gb_content_width":"","footnotes":""},"yoast_head":"<!-- This site is optimized with the Yoast SEO plugin v22.8 - https:\/\/yoast.com\/wordpress\/plugins\/seo\/ -->\n<title>augen\u00e4rztliches Gutachten - Der Augenarzt - Praxis Hagen<\/title>\n<meta name=\"robots\" content=\"index, follow, max-snippet:-1, max-image-preview:large, max-video-preview:-1\" \/>\n<link rel=\"canonical\" href=\"https:\/\/www.deraugenarzt.net\/hagen\/augenaerztliches-gutachten\/\" \/>\n<meta property=\"og:locale\" content=\"de_DE\" \/>\n<meta property=\"og:type\" content=\"article\" \/>\n<meta property=\"og:title\" content=\"augen\u00e4rztliches Gutachten - Der Augenarzt - Praxis Hagen\" \/>\n<meta property=\"og:description\" content=\"Augen\u00e4rztliches Gutachten zur Flugtauglichkeit Jeder Pilot muss nachweisen, dass er die f\u00fcr den Flugverkehr notwendigen Sinnesleistungen erbringen kann. Hierzu z\u00e4hlt auch ein augen\u00e4rztliches Gutachten, das wir gerne f\u00fcr Sie erstellen. Kontaktieren Sie uns einfach unter 0800 \/ 3763 3378 f\u00fcr einen Termin in unserer Hagener Praxis! Informieren Sie sich hier zur Glaukomvorsorge! &raquo; F\u00fcr die [&hellip;]\" \/>\n<meta property=\"og:url\" content=\"https:\/\/www.deraugenarzt.net\/hagen\/augenaerztliches-gutachten\/\" \/>\n<meta property=\"og:site_name\" content=\"Der Augenarzt - Praxis Hagen\" \/>\n<meta name=\"twitter:label1\" content=\"Gesch\u00e4tzte Lesezeit\" \/>\n\t<meta name=\"twitter:data1\" content=\"1\u00a0Minute\" \/>\n<script type=\"application\/ld+json\" class=\"yoast-schema-graph\">{\"@context\":\"https:\/\/schema.org\",\"@graph\":[{\"@type\":\"WebPage\",\"@id\":\"https:\/\/www.deraugenarzt.net\/hagen\/augenaerztliches-gutachten\/\",\"url\":\"https:\/\/www.deraugenarzt.net\/hagen\/augenaerztliches-gutachten\/\",\"name\":\"augen\u00e4rztliches Gutachten - Der Augenarzt - Praxis Hagen\",\"isPartOf\":{\"@id\":\"https:\/\/www.deraugenarzt.net\/hagen\/#website\"},\"datePublished\":\"2015-02-17T14:00:13+00:00\",\"dateModified\":\"2015-02-17T14:00:13+00:00\",\"breadcrumb\":{\"@id\":\"https:\/\/www.deraugenarzt.net\/hagen\/augenaerztliches-gutachten\/#breadcrumb\"},\"inLanguage\":\"de\",\"potentialAction\":[{\"@type\":\"ReadAction\",\"target\":[\"https:\/\/www.deraugenarzt.net\/hagen\/augenaerztliches-gutachten\/\"]}]},{\"@type\":\"BreadcrumbList\",\"@id\":\"https:\/\/www.deraugenarzt.net\/hagen\/augenaerztliches-gutachten\/#breadcrumb\",\"itemListElement\":[{\"@type\":\"ListItem\",\"position\":1,\"name\":\"Home\",\"item\":\"https:\/\/www.deraugenarzt.net\/hagen\/\"},{\"@type\":\"ListItem\",\"position\":2,\"name\":\"augen\u00e4rztliches Gutachten\"}]},{\"@type\":\"WebSite\",\"@id\":\"https:\/\/www.deraugenarzt.net\/hagen\/#website\",\"url\":\"https:\/\/www.deraugenarzt.net\/hagen\/\",\"name\":\"Der Augenarzt - Praxis Hagen\",\"description\":\"Dr. Neferu\",\"potentialAction\":[{\"@type\":\"SearchAction\",\"target\":{\"@type\":\"EntryPoint\",\"urlTemplate\":\"https:\/\/www.deraugenarzt.net\/hagen\/?s={search_term_string}\"},\"query-input\":\"required name=search_term_string\"}],\"inLanguage\":\"de\"}]}<\/script>\n<!-- \/ Yoast SEO plugin. -->","yoast_head_json":{"title":"augen\u00e4rztliches Gutachten - Der Augenarzt - Praxis Hagen","robots":{"index":"index","follow":"follow","max-snippet":"max-snippet:-1","max-image-preview":"max-image-preview:large","max-video-preview":"max-video-preview:-1"},"canonical":"https:\/\/www.deraugenarzt.net\/hagen\/augenaerztliches-gutachten\/","og_locale":"de_DE","og_type":"article","og_title":"augen\u00e4rztliches Gutachten - Der Augenarzt - Praxis Hagen","og_description":"Augen\u00e4rztliches Gutachten zur Flugtauglichkeit Jeder Pilot muss nachweisen, dass er die f\u00fcr den Flugverkehr notwendigen Sinnesleistungen erbringen kann. Hierzu z\u00e4hlt auch ein augen\u00e4rztliches Gutachten, das wir gerne f\u00fcr Sie erstellen. Kontaktieren Sie uns einfach unter 0800 \/ 3763 3378 f\u00fcr einen Termin in unserer Hagener Praxis! Informieren Sie sich hier zur Glaukomvorsorge! &raquo; F\u00fcr die [&hellip;]","og_url":"https:\/\/www.deraugenarzt.net\/hagen\/augenaerztliches-gutachten\/","og_site_name":"Der Augenarzt - Praxis Hagen","twitter_misc":{"Gesch\u00e4tzte Lesezeit":"1\u00a0Minute"},"schema":{"@context":"https:\/\/schema.org","@graph":[{"@type":"WebPage","@id":"https:\/\/www.deraugenarzt.net\/hagen\/augenaerztliches-gutachten\/","url":"https:\/\/www.deraugenarzt.net\/hagen\/augenaerztliches-gutachten\/","name":"augen\u00e4rztliches Gutachten - Der Augenarzt - Praxis Hagen","isPartOf":{"@id":"https:\/\/www.deraugenarzt.net\/hagen\/#website"},"datePublished":"2015-02-17T14:00:13+00:00","dateModified":"2015-02-17T14:00:13+00:00","breadcrumb":{"@id":"https:\/\/www.deraugenarzt.net\/hagen\/augenaerztliches-gutachten\/#breadcrumb"},"inLanguage":"de","potentialAction":[{"@type":"ReadAction","target":["https:\/\/www.deraugenarzt.net\/hagen\/augenaerztliches-gutachten\/"]}]},{"@type":"BreadcrumbList","@id":"https:\/\/www.deraugenarzt.net\/hagen\/augenaerztliches-gutachten\/#breadcrumb","itemListElement":[{"@type":"ListItem","position":1,"name":"Home","item":"https:\/\/www.deraugenarzt.net\/hagen\/"},{"@type":"ListItem","position":2,"name":"augen\u00e4rztliches Gutachten"}]},{"@type":"WebSite","@id":"https:\/\/www.deraugenarzt.net\/hagen\/#website","url":"https:\/\/www.deraugenarzt.net\/hagen\/","name":"Der Augenarzt - Praxis Hagen","description":"Dr. Neferu","potentialAction":[{"@type":"SearchAction","target":{"@type":"EntryPoint","urlTemplate":"https:\/\/www.deraugenarzt.net\/hagen\/?s={search_term_string}"},"query-input":"required name=search_term_string"}],"inLanguage":"de"}]}},"_links":{"self":[{"href":"https:\/\/www.deraugenarzt.net\/hagen\/wp-json\/wp\/v2\/pages\/240"}],"collection":[{"href":"https:\/\/www.deraugenarzt.net\/hagen\/wp-json\/wp\/v2\/pages"}],"about":[{"href":"https:\/\/www.deraugenarzt.net\/hagen\/wp-json\/wp\/v2\/types\/page"}],"author":[{"embeddable":true,"href":"https:\/\/www.deraugenarzt.net\/hagen\/wp-json\/wp\/v2\/users\/4"}],"replies":[{"embeddable":true,"href":"https:\/\/www.deraugenarzt.net\/hagen\/wp-json\/wp\/v2\/comments?post=240"}],"version-history":[{"count":1,"href":"https:\/\/www.deraugenarzt.net\/hagen\/wp-json\/wp\/v2\/pages\/240\/revisions"}],"predecessor-version":[{"id":241,"href":"https:\/\/www.deraugenarzt.net\/hagen\/wp-json\/wp\/v2\/pages\/240\/revisions\/241"}],"wp:attachment":[{"href":"https:\/\/www.deraugenarzt.net\/hagen\/wp-json\/wp\/v2\/media?parent=240"}],"curies":[{"name":"wp","href":"https:\/\/api.w.org\/{rel}","templated":true}]}}