{"id":234,"date":"2015-02-17T15:39:38","date_gmt":"2015-02-17T13:39:38","guid":{"rendered":"http:\/\/www.deraugenarzt.net\/hagen\/?page_id=234"},"modified":"2015-02-17T15:46:37","modified_gmt":"2015-02-17T13:46:37","slug":"lidoperationen","status":"publish","type":"page","link":"https:\/\/www.deraugenarzt.net\/hagen\/lidoperationen\/","title":{"rendered":"Lidoperationen"},"content":{"rendered":"<div id=\"infotext\">\n<h1>Schonende Lidoperationen: mit modernem Laser-Verfahren<\/h1>\n<p><strong>Zur effektiven Behandlung von Falten und anderen Hautunregelm\u00e4\u00dfigkeiten sowie f\u00fcr Lidoperationen von Tr\u00e4nens\u00e4cken und Schlupflidern nutzen wir die ultragepulste CO2-Laser-Technik. Der Fachausdruck f\u00fcr diese schonende Hautoberfl\u00e4chen-Behandlung lautet &#8222;Laser Skin Resurfacing&#8220;.<\/strong><\/p>\n<div class=\"vorteile\">Unsere private Augenarztpraxis in Hagen bietet Ihnen:<\/p>\n<ul>\n<li>pr\u00e4zise, gewebeschonende Lidoperationen<\/li>\n<li>mittels ultragepulster CO2-Laser-Technik<\/li>\n<li>mit einer schnellen Heilung<\/li>\n<li>und kaum wahrnehmbaren Narben.<\/li>\n<\/ul>\n<\/div>\n<p>Durch das von uns angewandte, innovative Verfahren k\u00f6nnen wir Lidoperationen sehr pr\u00e4zise und gewebeschonend durchf\u00fchren. Ganz wichtig hierbei: Es wird nur das gew\u00fcnschte Gewebe behandelt, angrenzendes Gewebe wird nicht in Anspruch genommen. Unsere Patienten profitieren daher von nur geringen Nachwirkungen und Risiken sowie einer z\u00fcgigen Heilung und kaum sichtbaren Narben.<\/p>\n<h2>Fachkundige Lidoperationen &#8211; wir beraten Sie gerne detailliert!<\/h2>\n<p>Normalerweise erfolgen Lidoperationen in unserer Praxis unter \u00f6rtlicher Bet\u00e4ubung, auf Wunsch auch im D\u00e4mmerschlaf oder unter Vollnarkose. Beide Augen werden in nur einer Behandlungssitzung operiert. \u00dcbersch\u00fcssige Haut-, Muskel- und Fettanteile werden bei diesem kleinen operativen Eingriff sorgf\u00e4ltig entfernt. Komplikationen sind \u00e4u\u00dferst selten. Im Gegensatz zu anderen Haut-OP-Methoden (wie der mechanischen Abschleifung oder dem tiefen chemischen Peeling) sind die Komplikationsrisiken beim Laser Skin Resurfacing deutlich niedriger, da der Laser sehr filigran gesteuert werden kann.<\/p>\n<p>Sie erhalten von uns im Vorfeld Ihrer Lidoperation ein umfassendes Beratungsgespr\u00e4ch, indem wir Ihnen s\u00e4mtliche Vorgehensweisen genau erl\u00e4utern.<\/p>\n<\/div>\n","protected":false},"excerpt":{"rendered":"<p>Schonende Lidoperationen: mit modernem Laser-Verfahren Zur effektiven Behandlung von Falten und anderen Hautunregelm\u00e4\u00dfigkeiten sowie f\u00fcr Lidoperationen von Tr\u00e4nens\u00e4cken und Schlupflidern nutzen wir die ultragepulste CO2-Laser-Technik. Der Fachausdruck f\u00fcr diese schonende Hautoberfl\u00e4chen-Behandlung lautet &#8222;Laser Skin Resurfacing&#8220;. Unsere private Augenarztpraxis in Hagen bietet Ihnen: pr\u00e4zise, gewebeschonende Lidoperationen mittels ultragepulster CO2-Laser-Technik mit einer schnellen Heilung und kaum wahrnehmbaren [&hellip;]<\/p>\n","protected":false},"author":4,"featured_media":0,"parent":0,"menu_order":0,"comment_status":"open","ping_status":"open","template":"","meta":{"_et_pb_use_builder":"","_et_pb_old_content":"","_et_gb_content_width":"","footnotes":""},"yoast_head":"<!-- This site is optimized with the Yoast SEO plugin v22.8 - https:\/\/yoast.com\/wordpress\/plugins\/seo\/ -->\n<title>Lidoperationen - Der Augenarzt - Praxis Hagen<\/title>\n<meta name=\"robots\" content=\"index, follow, max-snippet:-1, max-image-preview:large, max-video-preview:-1\" \/>\n<link rel=\"canonical\" href=\"https:\/\/www.deraugenarzt.net\/hagen\/lidoperationen\/\" \/>\n<meta property=\"og:locale\" content=\"de_DE\" \/>\n<meta property=\"og:type\" content=\"article\" \/>\n<meta property=\"og:title\" content=\"Lidoperationen - Der Augenarzt - Praxis Hagen\" \/>\n<meta property=\"og:description\" content=\"Schonende Lidoperationen: mit modernem Laser-Verfahren Zur effektiven Behandlung von Falten und anderen Hautunregelm\u00e4\u00dfigkeiten sowie f\u00fcr Lidoperationen von Tr\u00e4nens\u00e4cken und Schlupflidern nutzen wir die ultragepulste CO2-Laser-Technik. Der Fachausdruck f\u00fcr diese schonende Hautoberfl\u00e4chen-Behandlung lautet &#8222;Laser Skin Resurfacing&#8220;. Unsere private Augenarztpraxis in Hagen bietet Ihnen: pr\u00e4zise, gewebeschonende Lidoperationen mittels ultragepulster CO2-Laser-Technik mit einer schnellen Heilung und kaum wahrnehmbaren [&hellip;]\" \/>\n<meta property=\"og:url\" content=\"https:\/\/www.deraugenarzt.net\/hagen\/lidoperationen\/\" \/>\n<meta property=\"og:site_name\" content=\"Der Augenarzt - Praxis Hagen\" \/>\n<meta property=\"article:modified_time\" content=\"2015-02-17T13:46:37+00:00\" \/>\n<meta name=\"twitter:label1\" content=\"Gesch\u00e4tzte Lesezeit\" \/>\n\t<meta name=\"twitter:data1\" content=\"1\u00a0Minute\" \/>\n<script type=\"application\/ld+json\" class=\"yoast-schema-graph\">{\"@context\":\"https:\/\/schema.org\",\"@graph\":[{\"@type\":\"WebPage\",\"@id\":\"https:\/\/www.deraugenarzt.net\/hagen\/lidoperationen\/\",\"url\":\"https:\/\/www.deraugenarzt.net\/hagen\/lidoperationen\/\",\"name\":\"Lidoperationen - Der Augenarzt - Praxis Hagen\",\"isPartOf\":{\"@id\":\"https:\/\/www.deraugenarzt.net\/hagen\/#website\"},\"datePublished\":\"2015-02-17T13:39:38+00:00\",\"dateModified\":\"2015-02-17T13:46:37+00:00\",\"breadcrumb\":{\"@id\":\"https:\/\/www.deraugenarzt.net\/hagen\/lidoperationen\/#breadcrumb\"},\"inLanguage\":\"de\",\"potentialAction\":[{\"@type\":\"ReadAction\",\"target\":[\"https:\/\/www.deraugenarzt.net\/hagen\/lidoperationen\/\"]}]},{\"@type\":\"BreadcrumbList\",\"@id\":\"https:\/\/www.deraugenarzt.net\/hagen\/lidoperationen\/#breadcrumb\",\"itemListElement\":[{\"@type\":\"ListItem\",\"position\":1,\"name\":\"Home\",\"item\":\"https:\/\/www.deraugenarzt.net\/hagen\/\"},{\"@type\":\"ListItem\",\"position\":2,\"name\":\"Lidoperationen\"}]},{\"@type\":\"WebSite\",\"@id\":\"https:\/\/www.deraugenarzt.net\/hagen\/#website\",\"url\":\"https:\/\/www.deraugenarzt.net\/hagen\/\",\"name\":\"Der Augenarzt - Praxis Hagen\",\"description\":\"Dr. Neferu\",\"potentialAction\":[{\"@type\":\"SearchAction\",\"target\":{\"@type\":\"EntryPoint\",\"urlTemplate\":\"https:\/\/www.deraugenarzt.net\/hagen\/?s={search_term_string}\"},\"query-input\":\"required name=search_term_string\"}],\"inLanguage\":\"de\"}]}<\/script>\n<!-- \/ Yoast SEO plugin. -->","yoast_head_json":{"title":"Lidoperationen - Der Augenarzt - Praxis Hagen","robots":{"index":"index","follow":"follow","max-snippet":"max-snippet:-1","max-image-preview":"max-image-preview:large","max-video-preview":"max-video-preview:-1"},"canonical":"https:\/\/www.deraugenarzt.net\/hagen\/lidoperationen\/","og_locale":"de_DE","og_type":"article","og_title":"Lidoperationen - Der Augenarzt - Praxis Hagen","og_description":"Schonende Lidoperationen: mit modernem Laser-Verfahren Zur effektiven Behandlung von Falten und anderen Hautunregelm\u00e4\u00dfigkeiten sowie f\u00fcr Lidoperationen von Tr\u00e4nens\u00e4cken und Schlupflidern nutzen wir die ultragepulste CO2-Laser-Technik. Der Fachausdruck f\u00fcr diese schonende Hautoberfl\u00e4chen-Behandlung lautet &#8222;Laser Skin Resurfacing&#8220;. Unsere private Augenarztpraxis in Hagen bietet Ihnen: pr\u00e4zise, gewebeschonende Lidoperationen mittels ultragepulster CO2-Laser-Technik mit einer schnellen Heilung und kaum wahrnehmbaren [&hellip;]","og_url":"https:\/\/www.deraugenarzt.net\/hagen\/lidoperationen\/","og_site_name":"Der Augenarzt - Praxis Hagen","article_modified_time":"2015-02-17T13:46:37+00:00","twitter_misc":{"Gesch\u00e4tzte Lesezeit":"1\u00a0Minute"},"schema":{"@context":"https:\/\/schema.org","@graph":[{"@type":"WebPage","@id":"https:\/\/www.deraugenarzt.net\/hagen\/lidoperationen\/","url":"https:\/\/www.deraugenarzt.net\/hagen\/lidoperationen\/","name":"Lidoperationen - Der Augenarzt - Praxis Hagen","isPartOf":{"@id":"https:\/\/www.deraugenarzt.net\/hagen\/#website"},"datePublished":"2015-02-17T13:39:38+00:00","dateModified":"2015-02-17T13:46:37+00:00","breadcrumb":{"@id":"https:\/\/www.deraugenarzt.net\/hagen\/lidoperationen\/#breadcrumb"},"inLanguage":"de","potentialAction":[{"@type":"ReadAction","target":["https:\/\/www.deraugenarzt.net\/hagen\/lidoperationen\/"]}]},{"@type":"BreadcrumbList","@id":"https:\/\/www.deraugenarzt.net\/hagen\/lidoperationen\/#breadcrumb","itemListElement":[{"@type":"ListItem","position":1,"name":"Home","item":"https:\/\/www.deraugenarzt.net\/hagen\/"},{"@type":"ListItem","position":2,"name":"Lidoperationen"}]},{"@type":"WebSite","@id":"https:\/\/www.deraugenarzt.net\/hagen\/#website","url":"https:\/\/www.deraugenarzt.net\/hagen\/","name":"Der Augenarzt - Praxis Hagen","description":"Dr. Neferu","potentialAction":[{"@type":"SearchAction","target":{"@type":"EntryPoint","urlTemplate":"https:\/\/www.deraugenarzt.net\/hagen\/?s={search_term_string}"},"query-input":"required name=search_term_string"}],"inLanguage":"de"}]}},"_links":{"self":[{"href":"https:\/\/www.deraugenarzt.net\/hagen\/wp-json\/wp\/v2\/pages\/234"}],"collection":[{"href":"https:\/\/www.deraugenarzt.net\/hagen\/wp-json\/wp\/v2\/pages"}],"about":[{"href":"https:\/\/www.deraugenarzt.net\/hagen\/wp-json\/wp\/v2\/types\/page"}],"author":[{"embeddable":true,"href":"https:\/\/www.deraugenarzt.net\/hagen\/wp-json\/wp\/v2\/users\/4"}],"replies":[{"embeddable":true,"href":"https:\/\/www.deraugenarzt.net\/hagen\/wp-json\/wp\/v2\/comments?post=234"}],"version-history":[{"count":5,"href":"https:\/\/www.deraugenarzt.net\/hagen\/wp-json\/wp\/v2\/pages\/234\/revisions"}],"predecessor-version":[{"id":239,"href":"https:\/\/www.deraugenarzt.net\/hagen\/wp-json\/wp\/v2\/pages\/234\/revisions\/239"}],"wp:attachment":[{"href":"https:\/\/www.deraugenarzt.net\/hagen\/wp-json\/wp\/v2\/media?parent=234"}],"curies":[{"name":"wp","href":"https:\/\/api.w.org\/{rel}","templated":true}]}}