{"id":118,"date":"2014-09-06T15:48:52","date_gmt":"2014-09-06T13:48:52","guid":{"rendered":"http:\/\/deraugenarzt.get4.de\/delbrueck\/?page_id=118"},"modified":"2014-09-06T15:48:52","modified_gmt":"2014-09-06T13:48:52","slug":"ltk","status":"publish","type":"page","link":"https:\/\/www.deraugenarzt.net\/delbrueck\/laserverfahren\/ltk\/","title":{"rendered":"LTK"},"content":{"rendered":"<p>Durch Einsatz des Holmium-Lasers, welcher im Infrarotbereich (Wellenl\u00e4nge ca. 2,1 \u00b5m) arbeitet, ist die Behandlung der Weitsichtigkeit mittels LTK-Technik m\u00f6glich.<\/p>\n<p>Durch die W\u00e4rmewirkung dieses Laserstrahls kommt es im Hornhautgewebe zu einer narbigen Ver\u00e4nderung. Die Laserherde werden ringf\u00f6rmig am Rand der Hornhaut angebracht, wodurch es zu einer Schrumpfung der betroffenen Hornhautschichten kommt. Hierdurch entsteht im unbehandelten zentralen Hornhautbereich eine st\u00e4rkere Kr\u00fcmmung, die eine bestehende Weitsichtigkeit in bestimmten Grenzen ausgleichen kann.<\/p>\n<p>Geringe Weitsichtigkeiten und geringf\u00fcgige \u00dcberkorrekturen, z.B. nach PRK, k\u00f6nnen mit der LTK behandelt werden. Allerdings ist der Effekt dieser Behandlung mit der Zeit abnehmend.<\/p>\n","protected":false},"excerpt":{"rendered":"<p>Durch Einsatz des Holmium-Lasers, welcher im Infrarotbereich (Wellenl\u00e4nge ca. 2,1 \u00b5m) arbeitet, ist die Behandlung der Weitsichtigkeit mittels LTK-Technik m\u00f6glich. Durch die W\u00e4rmewirkung dieses Laserstrahls kommt es im Hornhautgewebe zu einer narbigen Ver\u00e4nderung. Die Laserherde werden ringf\u00f6rmig am Rand der Hornhaut angebracht, wodurch es zu einer Schrumpfung der betroffenen Hornhautschichten kommt. Hierdurch entsteht im unbehandelten [&hellip;]<\/p>\n","protected":false},"author":1,"featured_media":0,"parent":21,"menu_order":2,"comment_status":"open","ping_status":"open","template":"","meta":{"footnotes":""},"yoast_head":"<!-- This site is optimized with the Yoast SEO plugin v22.8 - https:\/\/yoast.com\/wordpress\/plugins\/seo\/ -->\n<title>LTK - Der Augenarzt - Praxis Delbr\u00fcck<\/title>\n<meta name=\"robots\" content=\"index, follow, max-snippet:-1, max-image-preview:large, max-video-preview:-1\" \/>\n<link rel=\"canonical\" href=\"https:\/\/www.deraugenarzt.net\/delbrueck\/laserverfahren\/ltk\/\" \/>\n<meta property=\"og:locale\" content=\"de_DE\" \/>\n<meta property=\"og:type\" content=\"article\" \/>\n<meta property=\"og:title\" content=\"LTK - Der Augenarzt - Praxis Delbr\u00fcck\" \/>\n<meta property=\"og:description\" content=\"Durch Einsatz des Holmium-Lasers, welcher im Infrarotbereich (Wellenl\u00e4nge ca. 2,1 \u00b5m) arbeitet, ist die Behandlung der Weitsichtigkeit mittels LTK-Technik m\u00f6glich. Durch die W\u00e4rmewirkung dieses Laserstrahls kommt es im Hornhautgewebe zu einer narbigen Ver\u00e4nderung. Die Laserherde werden ringf\u00f6rmig am Rand der Hornhaut angebracht, wodurch es zu einer Schrumpfung der betroffenen Hornhautschichten kommt. Hierdurch entsteht im unbehandelten [&hellip;]\" \/>\n<meta property=\"og:url\" content=\"https:\/\/www.deraugenarzt.net\/delbrueck\/laserverfahren\/ltk\/\" \/>\n<meta property=\"og:site_name\" content=\"Der Augenarzt - Praxis Delbr\u00fcck\" \/>\n<meta name=\"twitter:label1\" content=\"Gesch\u00e4tzte Lesezeit\" \/>\n\t<meta name=\"twitter:data1\" content=\"1\u00a0Minute\" \/>\n<script type=\"application\/ld+json\" class=\"yoast-schema-graph\">{\"@context\":\"https:\/\/schema.org\",\"@graph\":[{\"@type\":\"WebPage\",\"@id\":\"https:\/\/www.deraugenarzt.net\/delbrueck\/laserverfahren\/ltk\/\",\"url\":\"https:\/\/www.deraugenarzt.net\/delbrueck\/laserverfahren\/ltk\/\",\"name\":\"LTK - Der Augenarzt - Praxis Delbr\u00fcck\",\"isPartOf\":{\"@id\":\"https:\/\/www.deraugenarzt.net\/delbrueck\/#website\"},\"datePublished\":\"2014-09-06T13:48:52+00:00\",\"dateModified\":\"2014-09-06T13:48:52+00:00\",\"breadcrumb\":{\"@id\":\"https:\/\/www.deraugenarzt.net\/delbrueck\/laserverfahren\/ltk\/#breadcrumb\"},\"inLanguage\":\"de\",\"potentialAction\":[{\"@type\":\"ReadAction\",\"target\":[\"https:\/\/www.deraugenarzt.net\/delbrueck\/laserverfahren\/ltk\/\"]}]},{\"@type\":\"BreadcrumbList\",\"@id\":\"https:\/\/www.deraugenarzt.net\/delbrueck\/laserverfahren\/ltk\/#breadcrumb\",\"itemListElement\":[{\"@type\":\"ListItem\",\"position\":1,\"name\":\"Home\",\"item\":\"https:\/\/www.deraugenarzt.net\/delbrueck\/\"},{\"@type\":\"ListItem\",\"position\":2,\"name\":\"Laserverfahren\",\"item\":\"https:\/\/www.deraugenarzt.net\/delbrueck\/laserverfahren\/\"},{\"@type\":\"ListItem\",\"position\":3,\"name\":\"LTK\"}]},{\"@type\":\"WebSite\",\"@id\":\"https:\/\/www.deraugenarzt.net\/delbrueck\/#website\",\"url\":\"https:\/\/www.deraugenarzt.net\/delbrueck\/\",\"name\":\"Der Augenarzt - Praxis Delbr\u00fcck\",\"description\":\"Praxis Dr.medic Neferu in Delbr\u00fcck bei Paderborn\",\"potentialAction\":[{\"@type\":\"SearchAction\",\"target\":{\"@type\":\"EntryPoint\",\"urlTemplate\":\"https:\/\/www.deraugenarzt.net\/delbrueck\/?s={search_term_string}\"},\"query-input\":\"required name=search_term_string\"}],\"inLanguage\":\"de\"}]}<\/script>\n<!-- \/ Yoast SEO plugin. -->","yoast_head_json":{"title":"LTK - Der Augenarzt - Praxis Delbr\u00fcck","robots":{"index":"index","follow":"follow","max-snippet":"max-snippet:-1","max-image-preview":"max-image-preview:large","max-video-preview":"max-video-preview:-1"},"canonical":"https:\/\/www.deraugenarzt.net\/delbrueck\/laserverfahren\/ltk\/","og_locale":"de_DE","og_type":"article","og_title":"LTK - Der Augenarzt - Praxis Delbr\u00fcck","og_description":"Durch Einsatz des Holmium-Lasers, welcher im Infrarotbereich (Wellenl\u00e4nge ca. 2,1 \u00b5m) arbeitet, ist die Behandlung der Weitsichtigkeit mittels LTK-Technik m\u00f6glich. Durch die W\u00e4rmewirkung dieses Laserstrahls kommt es im Hornhautgewebe zu einer narbigen Ver\u00e4nderung. Die Laserherde werden ringf\u00f6rmig am Rand der Hornhaut angebracht, wodurch es zu einer Schrumpfung der betroffenen Hornhautschichten kommt. Hierdurch entsteht im unbehandelten [&hellip;]","og_url":"https:\/\/www.deraugenarzt.net\/delbrueck\/laserverfahren\/ltk\/","og_site_name":"Der Augenarzt - Praxis Delbr\u00fcck","twitter_misc":{"Gesch\u00e4tzte Lesezeit":"1\u00a0Minute"},"schema":{"@context":"https:\/\/schema.org","@graph":[{"@type":"WebPage","@id":"https:\/\/www.deraugenarzt.net\/delbrueck\/laserverfahren\/ltk\/","url":"https:\/\/www.deraugenarzt.net\/delbrueck\/laserverfahren\/ltk\/","name":"LTK - Der Augenarzt - Praxis Delbr\u00fcck","isPartOf":{"@id":"https:\/\/www.deraugenarzt.net\/delbrueck\/#website"},"datePublished":"2014-09-06T13:48:52+00:00","dateModified":"2014-09-06T13:48:52+00:00","breadcrumb":{"@id":"https:\/\/www.deraugenarzt.net\/delbrueck\/laserverfahren\/ltk\/#breadcrumb"},"inLanguage":"de","potentialAction":[{"@type":"ReadAction","target":["https:\/\/www.deraugenarzt.net\/delbrueck\/laserverfahren\/ltk\/"]}]},{"@type":"BreadcrumbList","@id":"https:\/\/www.deraugenarzt.net\/delbrueck\/laserverfahren\/ltk\/#breadcrumb","itemListElement":[{"@type":"ListItem","position":1,"name":"Home","item":"https:\/\/www.deraugenarzt.net\/delbrueck\/"},{"@type":"ListItem","position":2,"name":"Laserverfahren","item":"https:\/\/www.deraugenarzt.net\/delbrueck\/laserverfahren\/"},{"@type":"ListItem","position":3,"name":"LTK"}]},{"@type":"WebSite","@id":"https:\/\/www.deraugenarzt.net\/delbrueck\/#website","url":"https:\/\/www.deraugenarzt.net\/delbrueck\/","name":"Der Augenarzt - Praxis Delbr\u00fcck","description":"Praxis Dr.medic Neferu in Delbr\u00fcck bei Paderborn","potentialAction":[{"@type":"SearchAction","target":{"@type":"EntryPoint","urlTemplate":"https:\/\/www.deraugenarzt.net\/delbrueck\/?s={search_term_string}"},"query-input":"required name=search_term_string"}],"inLanguage":"de"}]}},"_links":{"self":[{"href":"https:\/\/www.deraugenarzt.net\/delbrueck\/wp-json\/wp\/v2\/pages\/118"}],"collection":[{"href":"https:\/\/www.deraugenarzt.net\/delbrueck\/wp-json\/wp\/v2\/pages"}],"about":[{"href":"https:\/\/www.deraugenarzt.net\/delbrueck\/wp-json\/wp\/v2\/types\/page"}],"author":[{"embeddable":true,"href":"https:\/\/www.deraugenarzt.net\/delbrueck\/wp-json\/wp\/v2\/users\/1"}],"replies":[{"embeddable":true,"href":"https:\/\/www.deraugenarzt.net\/delbrueck\/wp-json\/wp\/v2\/comments?post=118"}],"version-history":[{"count":0,"href":"https:\/\/www.deraugenarzt.net\/delbrueck\/wp-json\/wp\/v2\/pages\/118\/revisions"}],"up":[{"embeddable":true,"href":"https:\/\/www.deraugenarzt.net\/delbrueck\/wp-json\/wp\/v2\/pages\/21"}],"wp:attachment":[{"href":"https:\/\/www.deraugenarzt.net\/delbrueck\/wp-json\/wp\/v2\/media?parent=118"}],"curies":[{"name":"wp","href":"https:\/\/api.w.org\/{rel}","templated":true}]}}